{"id":18,"date":"2025-12-22T10:49:48","date_gmt":"2025-12-22T10:49:48","guid":{"rendered":"https:\/\/kakalamuxpsikologia.rkinformatika.online\/?page_id=18"},"modified":"2025-12-22T14:01:27","modified_gmt":"2025-12-22T14:01:27","slug":"hasiera","status":"publish","type":"page","link":"https:\/\/kakalamuxpsikologia.com\/es\/","title":{"rendered":"Inicio"},"content":{"rendered":"<div data-elementor-type=\"wp-page\" data-elementor-id=\"18\" class=\"elementor elementor-18\" data-elementor-post-type=\"page\">\n\t\t\t\t<div class=\"elementor-element elementor-element-ced14e7 e-flex e-con-boxed e-con e-parent\" data-id=\"ced14e7\" data-element_type=\"container\" data-e-type=\"container\" data-settings=\"{&quot;background_background&quot;:&quot;classic&quot;}\">\n\t\t\t\t\t<div class=\"e-con-inner\">\n\t\t<div class=\"elementor-element elementor-element-c6678bf e-con-full e-flex e-con e-child\" data-id=\"c6678bf\" data-element_type=\"container\" data-e-type=\"container\">\n\t\t\t\t<div class=\"elementor-element elementor-element-61457c3 elementor-widget elementor-widget-heading\" data-id=\"61457c3\" data-element_type=\"widget\" data-e-type=\"widget\" data-widget_type=\"heading.default\">\n\t\t\t\t\t<h2 class=\"elementor-heading-title elementor-size-default\">Bienvenida<\/h2>\t\t\t\t<\/div>\n\t\t\t\t<div class=\"elementor-element elementor-element-091929c elementor-widget elementor-widget-text-editor\" data-id=\"091929c\" data-element_type=\"widget\" data-e-type=\"widget\" data-widget_type=\"text-editor.default\">\n\t\t\t\t\t\t\t\t\t<p>El juego, la escucha y el v\u00ednculo de Kakalamux son los motores del desarrollo.<\/p><p>Somos un centro de psicolog\u00eda y psicomotricidad infantil y juvenil ubicado en Lekeitio. En \u00e9l acompa\u00f1amos a los ni\u00f1os, adolescentes y sus familias desde una perspectiva integral, respetuosa y cercana.<\/p><p>Nuestro objetivo es ofrecer a cada persona un espacio seguro y contribuir de forma saludable al crecimiento emocional y corporal.<\/p>\t\t\t\t\t\t\t\t<\/div>\n\t\t\t\t<div class=\"elementor-element elementor-element-e21f3a9 elementor-widget elementor-widget-button\" data-id=\"e21f3a9\" data-element_type=\"widget\" data-e-type=\"widget\" data-widget_type=\"button.default\">\n\t\t\t\t\t\t\t\t\t\t<a class=\"elementor-button elementor-button-link elementor-size-sm elementor-animation-wobble-horizontal\" href=\"\/es\/zerbitzuak\/\">\n\t\t\t\t\t\t<span class=\"elementor-button-content-wrapper\">\n\t\t\t\t\t\t\t\t\t<span class=\"elementor-button-text\">zerbitzuak<\/span>\n\t\t\t\t\t<\/span>\n\t\t\t\t\t<\/a>\n\t\t\t\t\t\t\t\t<\/div>\n\t\t\t\t<\/div>\n\t\t<div class=\"elementor-element elementor-element-785f46e e-con-full e-flex e-con e-child\" data-id=\"785f46e\" data-element_type=\"container\" data-e-type=\"container\">\n\t\t\t\t<div class=\"elementor-element elementor-element-4e18554 elementor-widget elementor-widget-image\" data-id=\"4e18554\" data-element_type=\"widget\" data-e-type=\"widget\" data-widget_type=\"image.default\">\n\t\t\t\t\t\t\t\t\t\t\t\t\t\t\t<img fetchpriority=\"high\" decoding=\"async\" width=\"800\" height=\"534\" src=\"https:\/\/kakalamuxpsikologia.com\/wp-content\/uploads\/2025\/12\/6330601-1024x683.jpg\" class=\"attachment-large size-large wp-image-672\" alt=\"\" srcset=\"https:\/\/kakalamuxpsikologia.com\/wp-content\/uploads\/2025\/12\/6330601-1024x683.jpg 1024w, https:\/\/kakalamuxpsikologia.com\/wp-content\/uploads\/2025\/12\/6330601-300x200.jpg 300w, https:\/\/kakalamuxpsikologia.com\/wp-content\/uploads\/2025\/12\/6330601-768x512.jpg 768w, https:\/\/kakalamuxpsikologia.com\/wp-content\/uploads\/2025\/12\/6330601-1536x1024.jpg 1536w, https:\/\/kakalamuxpsikologia.com\/wp-content\/uploads\/2025\/12\/6330601-2048x1365.jpg 2048w, https:\/\/kakalamuxpsikologia.com\/wp-content\/uploads\/2025\/12\/6330601-18x12.jpg 18w\" sizes=\"(max-width: 800px) 100vw, 800px\" \/>\t\t\t\t\t\t\t\t\t\t\t\t\t\t\t<\/div>\n\t\t\t\t<\/div>\n\t\t\t\t\t<\/div>\n\t\t\t\t<\/div>\n\t\t<div class=\"elementor-element elementor-element-0fd0f7b e-flex e-con-boxed e-con e-parent\" data-id=\"0fd0f7b\" data-element_type=\"container\" data-e-type=\"container\">\n\t\t\t\t\t<div class=\"e-con-inner\">\n\t\t<div class=\"elementor-element elementor-element-44dc7e6 e-con-full e-flex e-con e-child\" data-id=\"44dc7e6\" data-element_type=\"container\" data-e-type=\"container\">\n\t\t\t\t<div class=\"elementor-element elementor-element-e4b6420 elementor-widget elementor-widget-heading\" data-id=\"e4b6420\" data-element_type=\"widget\" data-e-type=\"widget\" data-widget_type=\"heading.default\">\n\t\t\t\t\t<h2 class=\"elementor-heading-title elementor-size-default\">Nuestra historia<\/h2>\t\t\t\t<\/div>\n\t\t\t\t<div class=\"elementor-element elementor-element-5044e3d elementor-widget elementor-widget-text-editor\" data-id=\"5044e3d\" data-element_type=\"widget\" data-e-type=\"widget\" data-widget_type=\"text-editor.default\">\n\t\t\t\t\t\t\t\t\t<p>Kakalamux naci\u00f3 en 2015 como centro de atenci\u00f3n temprana con la ilusi\u00f3n de ofrecer apoyo especializado a los m\u00e1s peque\u00f1os y a sus familias. Con el tiempo fuimos ampliando nuestra trayectoria y experiencia hasta convertirnos en el centro de psicolog\u00eda y psicomotricidad infantil y juvenil que somos hoy. Desde entonces acompa\u00f1amos a los ni\u00f1os, ni\u00f1as y adolescentes de 0 a 17 a\u00f1os y a sus familias en sus procesos de desarrollo, aprendizaje y bienestar emocional.<\/p><p>Tambi\u00e9n trabajamos con la Diputaci\u00f3n Foral de Bizkaia y participamos en programas y servicios de atenci\u00f3n a menores y sus familias.<\/p>\t\t\t\t\t\t\t\t<\/div>\n\t\t\t\t<\/div>\n\t\t<div class=\"elementor-element elementor-element-a2d4e4f e-con-full e-flex e-con e-child\" data-id=\"a2d4e4f\" data-element_type=\"container\" data-e-type=\"container\">\n\t\t\t\t<div class=\"elementor-element elementor-element-2d01085 elementor-widget elementor-widget-image\" data-id=\"2d01085\" data-element_type=\"widget\" data-e-type=\"widget\" data-widget_type=\"image.default\">\n\t\t\t\t\t\t\t\t\t\t\t\t\t\t\t<img decoding=\"async\" width=\"800\" height=\"764\" src=\"https:\/\/kakalamuxpsikologia.com\/wp-content\/uploads\/2025\/12\/Sandy_Ppl-28_Single-04-scaled-e1766411494200-1024x978.jpg\" class=\"elementor-animation-bob attachment-large size-large wp-image-361\" alt=\"\" srcset=\"https:\/\/kakalamuxpsikologia.com\/wp-content\/uploads\/2025\/12\/Sandy_Ppl-28_Single-04-scaled-e1766411494200-1024x978.jpg 1024w, https:\/\/kakalamuxpsikologia.com\/wp-content\/uploads\/2025\/12\/Sandy_Ppl-28_Single-04-scaled-e1766411494200-300x287.jpg 300w, https:\/\/kakalamuxpsikologia.com\/wp-content\/uploads\/2025\/12\/Sandy_Ppl-28_Single-04-scaled-e1766411494200-768x734.jpg 768w, https:\/\/kakalamuxpsikologia.com\/wp-content\/uploads\/2025\/12\/Sandy_Ppl-28_Single-04-scaled-e1766411494200-1536x1468.jpg 1536w, https:\/\/kakalamuxpsikologia.com\/wp-content\/uploads\/2025\/12\/Sandy_Ppl-28_Single-04-scaled-e1766411494200-2048x1957.jpg 2048w, https:\/\/kakalamuxpsikologia.com\/wp-content\/uploads\/2025\/12\/Sandy_Ppl-28_Single-04-scaled-e1766411494200-13x12.jpg 13w\" sizes=\"(max-width: 800px) 100vw, 800px\" \/>\t\t\t\t\t\t\t\t\t\t\t\t\t\t\t<\/div>\n\t\t\t\t<\/div>\n\t\t\t\t\t<\/div>\n\t\t\t\t<\/div>\n\t\t<div class=\"elementor-element elementor-element-b97f7de e-flex e-con-boxed e-con e-parent\" data-id=\"b97f7de\" data-element_type=\"container\" data-e-type=\"container\">\n\t\t\t\t\t<div class=\"e-con-inner\">\n\t\t<div class=\"elementor-element elementor-element-8953970 e-con-full e-flex e-con e-child\" data-id=\"8953970\" data-element_type=\"container\" data-e-type=\"container\">\n\t\t\t\t<div class=\"elementor-element elementor-element-e15f06a elementor-widget elementor-widget-heading\" data-id=\"e15f06a\" data-element_type=\"widget\" data-e-type=\"widget\" data-widget_type=\"heading.default\">\n\t\t\t\t\t<h2 class=\"elementor-heading-title elementor-size-default\">Nuestra visi\u00f3n<\/h2>\t\t\t\t<\/div>\n\t\t\t\t<div class=\"elementor-element elementor-element-75a45da elementor-widget elementor-widget-text-editor\" data-id=\"75a45da\" data-element_type=\"widget\" data-e-type=\"widget\" data-widget_type=\"text-editor.default\">\n\t\t\t\t\t\t\t\t\t<p>Creemos profundamente en el juego como mediador terap\u00e9utico. A trav\u00e9s de ella, los menores pueden expresarse, trabajar sus vivencias y avanzar en su propio ritmo.<\/p><p>Nuestro trabajo se basa en una visi\u00f3n integral que tiene en cuenta las dimensiones emocionales, corporales, relacionales y familiares del desarrollo.<\/p><p>Adem\u00e1s, apostamos por el trabajo en red, en colaboraci\u00f3n con familias, escuelas y otros profesionales, para ofrecer un apoyo coherente y de calidad.<\/p>\t\t\t\t\t\t\t\t<\/div>\n\t\t\t\t<\/div>\n\t\t<div class=\"elementor-element elementor-element-8db935a e-con-full e-flex e-con e-child\" data-id=\"8db935a\" data-element_type=\"container\" data-e-type=\"container\">\n\t\t\t\t<div class=\"elementor-element elementor-element-f03d237 elementor-widget elementor-widget-image\" data-id=\"f03d237\" data-element_type=\"widget\" data-e-type=\"widget\" data-widget_type=\"image.default\">\n\t\t\t\t\t\t\t\t\t\t\t\t\t\t\t<img decoding=\"async\" width=\"512\" height=\"306\" src=\"https:\/\/kakalamuxpsikologia.com\/wp-content\/uploads\/2025\/12\/cropped-2-e1766411532469.png\" class=\"elementor-animation-bob attachment-large size-large wp-image-16\" alt=\"\" srcset=\"https:\/\/kakalamuxpsikologia.com\/wp-content\/uploads\/2025\/12\/cropped-2-e1766411532469.png 512w, https:\/\/kakalamuxpsikologia.com\/wp-content\/uploads\/2025\/12\/cropped-2-e1766411532469-300x179.png 300w, https:\/\/kakalamuxpsikologia.com\/wp-content\/uploads\/2025\/12\/cropped-2-e1766411532469-18x12.png 18w\" sizes=\"(max-width: 512px) 100vw, 512px\" \/>\t\t\t\t\t\t\t\t\t\t\t\t\t\t\t<\/div>\n\t\t\t\t<\/div>\n\t\t\t\t\t<\/div>\n\t\t\t\t<\/div>\n\t\t\t\t<\/div>","protected":false},"excerpt":{"rendered":"<p>Ongietorria Kakalamuxen jolasa, entzutea eta lotura ditugu garapenaren eragile. Lekeition kokatutako haur eta gazteen psikologia eta psikomotrizitate zentro bat gara. Bertan, haurrei, nerabeei eta haien familiei laguntzen diegu ikuspegi integral, errespetuzko eta hurbiletik. Gure helburua da pertsona bakoitzari espazio seguru bat eskaintzea eta emozioen eta gorputzaren hazkundean modu osasungarrian laguntzea. zerbitzuak Gure historia Kakalamux 2015ean [&hellip;]<\/p>\n","protected":false},"author":1,"featured_media":0,"parent":0,"menu_order":0,"comment_status":"closed","ping_status":"closed","template":"elementor_canvas","meta":{"footnotes":""},"class_list":["post-18","page","type-page","status-publish","hentry"],"yoast_head":"<!-- This site is optimized with the Yoast SEO plugin v27.3 - https:\/\/yoast.com\/product\/yoast-seo-wordpress\/ -->\n<title>Hasiera - Kakalamux<\/title>\n<meta name=\"robots\" content=\"index, follow, max-snippet:-1, max-image-preview:large, max-video-preview:-1\" \/>\n<link rel=\"canonical\" href=\"https:\/\/kakalamuxpsikologia.com\/es\/\" \/>\n<meta property=\"og:locale\" content=\"es_ES\" \/>\n<meta property=\"og:type\" content=\"article\" \/>\n<meta property=\"og:title\" content=\"Hasiera - Kakalamux\" \/>\n<meta property=\"og:description\" content=\"Ongietorria Kakalamuxen jolasa, entzutea eta lotura ditugu garapenaren eragile. Lekeition kokatutako haur eta gazteen psikologia eta psikomotrizitate zentro bat gara. Bertan, haurrei, nerabeei eta haien familiei laguntzen diegu ikuspegi integral, errespetuzko eta hurbiletik. Gure helburua da pertsona bakoitzari espazio seguru bat eskaintzea eta emozioen eta gorputzaren hazkundean modu osasungarrian laguntzea. zerbitzuak Gure historia Kakalamux 2015ean [&hellip;]\" \/>\n<meta property=\"og:url\" content=\"https:\/\/kakalamuxpsikologia.com\/es\/\" \/>\n<meta property=\"og:site_name\" content=\"Kakalamux\" \/>\n<meta property=\"article:modified_time\" content=\"2025-12-22T14:01:27+00:00\" \/>\n<meta property=\"og:image\" content=\"https:\/\/kakalamuxpsikologia.com\/wp-content\/uploads\/2025\/12\/6330601-1024x683.jpg\" \/>\n<meta name=\"twitter:card\" content=\"summary_large_image\" \/>\n<meta name=\"twitter:label1\" content=\"Tiempo de lectura\" \/>\n\t<meta name=\"twitter:data1\" content=\"1 minuto\" \/>\n<script type=\"application\/ld+json\" class=\"yoast-schema-graph\">{\"@context\":\"https:\\\/\\\/schema.org\",\"@graph\":[{\"@type\":\"WebPage\",\"@id\":\"https:\\\/\\\/kakalamuxpsikologia.com\\\/\",\"url\":\"https:\\\/\\\/kakalamuxpsikologia.com\\\/\",\"name\":\"Hasiera - Kakalamux\",\"isPartOf\":{\"@id\":\"https:\\\/\\\/kakalamuxpsikologia.com\\\/#website\"},\"primaryImageOfPage\":{\"@id\":\"https:\\\/\\\/kakalamuxpsikologia.com\\\/#primaryimage\"},\"image\":{\"@id\":\"https:\\\/\\\/kakalamuxpsikologia.com\\\/#primaryimage\"},\"thumbnailUrl\":\"https:\\\/\\\/kakalamuxpsikologia.com\\\/wp-content\\\/uploads\\\/2025\\\/12\\\/6330601-1024x683.jpg\",\"datePublished\":\"2025-12-22T10:49:48+00:00\",\"dateModified\":\"2025-12-22T14:01:27+00:00\",\"breadcrumb\":{\"@id\":\"https:\\\/\\\/kakalamuxpsikologia.com\\\/#breadcrumb\"},\"inLanguage\":\"es\",\"potentialAction\":[{\"@type\":\"ReadAction\",\"target\":[\"https:\\\/\\\/kakalamuxpsikologia.com\\\/\"]}]},{\"@type\":\"ImageObject\",\"inLanguage\":\"es\",\"@id\":\"https:\\\/\\\/kakalamuxpsikologia.com\\\/#primaryimage\",\"url\":\"https:\\\/\\\/kakalamuxpsikologia.com\\\/wp-content\\\/uploads\\\/2025\\\/12\\\/6330601-1024x683.jpg\",\"contentUrl\":\"https:\\\/\\\/kakalamuxpsikologia.com\\\/wp-content\\\/uploads\\\/2025\\\/12\\\/6330601-1024x683.jpg\"},{\"@type\":\"BreadcrumbList\",\"@id\":\"https:\\\/\\\/kakalamuxpsikologia.com\\\/#breadcrumb\",\"itemListElement\":[{\"@type\":\"ListItem\",\"position\":1,\"name\":\"Portada\",\"item\":\"https:\\\/\\\/kakalamuxpsikologia.com\\\/\"},{\"@type\":\"ListItem\",\"position\":2,\"name\":\"Hasiera\"}]},{\"@type\":\"WebSite\",\"@id\":\"https:\\\/\\\/kakalamuxpsikologia.com\\\/#website\",\"url\":\"https:\\\/\\\/kakalamuxpsikologia.com\\\/\",\"name\":\"Kakalamux\",\"description\":\"\",\"publisher\":{\"@id\":\"https:\\\/\\\/kakalamuxpsikologia.com\\\/#organization\"},\"potentialAction\":[{\"@type\":\"SearchAction\",\"target\":{\"@type\":\"EntryPoint\",\"urlTemplate\":\"https:\\\/\\\/kakalamuxpsikologia.com\\\/?s={search_term_string}\"},\"query-input\":{\"@type\":\"PropertyValueSpecification\",\"valueRequired\":true,\"valueName\":\"search_term_string\"}}],\"inLanguage\":\"es\"},{\"@type\":\"Organization\",\"@id\":\"https:\\\/\\\/kakalamuxpsikologia.com\\\/#organization\",\"name\":\"Kakalamux\",\"url\":\"https:\\\/\\\/kakalamuxpsikologia.com\\\/\",\"logo\":{\"@type\":\"ImageObject\",\"inLanguage\":\"es\",\"@id\":\"https:\\\/\\\/kakalamuxpsikologia.com\\\/#\\\/schema\\\/logo\\\/image\\\/\",\"url\":\"https:\\\/\\\/kakalamuxpsikologia.com\\\/wp-content\\\/uploads\\\/2025\\\/12\\\/cropped-Diseno-sin-titulo-e1766402015917.png\",\"contentUrl\":\"https:\\\/\\\/kakalamuxpsikologia.com\\\/wp-content\\\/uploads\\\/2025\\\/12\\\/cropped-Diseno-sin-titulo-e1766402015917.png\",\"width\":500,\"height\":142,\"caption\":\"Kakalamux\"},\"image\":{\"@id\":\"https:\\\/\\\/kakalamuxpsikologia.com\\\/#\\\/schema\\\/logo\\\/image\\\/\"}}]}<\/script>\n<!-- \/ Yoast SEO plugin. -->","yoast_head_json":{"title":"Hasiera - Kakalamux","robots":{"index":"index","follow":"follow","max-snippet":"max-snippet:-1","max-image-preview":"max-image-preview:large","max-video-preview":"max-video-preview:-1"},"canonical":"https:\/\/kakalamuxpsikologia.com\/es\/","og_locale":"es_ES","og_type":"article","og_title":"Hasiera - Kakalamux","og_description":"Ongietorria Kakalamuxen jolasa, entzutea eta lotura ditugu garapenaren eragile. Lekeition kokatutako haur eta gazteen psikologia eta psikomotrizitate zentro bat gara. Bertan, haurrei, nerabeei eta haien familiei laguntzen diegu ikuspegi integral, errespetuzko eta hurbiletik. Gure helburua da pertsona bakoitzari espazio seguru bat eskaintzea eta emozioen eta gorputzaren hazkundean modu osasungarrian laguntzea. zerbitzuak Gure historia Kakalamux 2015ean [&hellip;]","og_url":"https:\/\/kakalamuxpsikologia.com\/es\/","og_site_name":"Kakalamux","article_modified_time":"2025-12-22T14:01:27+00:00","og_image":[{"url":"https:\/\/kakalamuxpsikologia.com\/wp-content\/uploads\/2025\/12\/6330601-1024x683.jpg","type":"","width":"","height":""}],"twitter_card":"summary_large_image","twitter_misc":{"Tiempo de lectura":"1 minuto"},"schema":{"@context":"https:\/\/schema.org","@graph":[{"@type":"WebPage","@id":"https:\/\/kakalamuxpsikologia.com\/","url":"https:\/\/kakalamuxpsikologia.com\/","name":"Hasiera - Kakalamux","isPartOf":{"@id":"https:\/\/kakalamuxpsikologia.com\/#website"},"primaryImageOfPage":{"@id":"https:\/\/kakalamuxpsikologia.com\/#primaryimage"},"image":{"@id":"https:\/\/kakalamuxpsikologia.com\/#primaryimage"},"thumbnailUrl":"https:\/\/kakalamuxpsikologia.com\/wp-content\/uploads\/2025\/12\/6330601-1024x683.jpg","datePublished":"2025-12-22T10:49:48+00:00","dateModified":"2025-12-22T14:01:27+00:00","breadcrumb":{"@id":"https:\/\/kakalamuxpsikologia.com\/#breadcrumb"},"inLanguage":"es","potentialAction":[{"@type":"ReadAction","target":["https:\/\/kakalamuxpsikologia.com\/"]}]},{"@type":"ImageObject","inLanguage":"es","@id":"https:\/\/kakalamuxpsikologia.com\/#primaryimage","url":"https:\/\/kakalamuxpsikologia.com\/wp-content\/uploads\/2025\/12\/6330601-1024x683.jpg","contentUrl":"https:\/\/kakalamuxpsikologia.com\/wp-content\/uploads\/2025\/12\/6330601-1024x683.jpg"},{"@type":"BreadcrumbList","@id":"https:\/\/kakalamuxpsikologia.com\/#breadcrumb","itemListElement":[{"@type":"ListItem","position":1,"name":"Portada","item":"https:\/\/kakalamuxpsikologia.com\/"},{"@type":"ListItem","position":2,"name":"Hasiera"}]},{"@type":"WebSite","@id":"https:\/\/kakalamuxpsikologia.com\/#website","url":"https:\/\/kakalamuxpsikologia.com\/","name":"Kakalamux","description":"","publisher":{"@id":"https:\/\/kakalamuxpsikologia.com\/#organization"},"potentialAction":[{"@type":"SearchAction","target":{"@type":"EntryPoint","urlTemplate":"https:\/\/kakalamuxpsikologia.com\/?s={search_term_string}"},"query-input":{"@type":"PropertyValueSpecification","valueRequired":true,"valueName":"search_term_string"}}],"inLanguage":"es"},{"@type":"Organization","@id":"https:\/\/kakalamuxpsikologia.com\/#organization","name":"Kakalamux","url":"https:\/\/kakalamuxpsikologia.com\/","logo":{"@type":"ImageObject","inLanguage":"es","@id":"https:\/\/kakalamuxpsikologia.com\/#\/schema\/logo\/image\/","url":"https:\/\/kakalamuxpsikologia.com\/wp-content\/uploads\/2025\/12\/cropped-Diseno-sin-titulo-e1766402015917.png","contentUrl":"https:\/\/kakalamuxpsikologia.com\/wp-content\/uploads\/2025\/12\/cropped-Diseno-sin-titulo-e1766402015917.png","width":500,"height":142,"caption":"Kakalamux"},"image":{"@id":"https:\/\/kakalamuxpsikologia.com\/#\/schema\/logo\/image\/"}}]}},"_links":{"self":[{"href":"https:\/\/kakalamuxpsikologia.com\/es\/wp-json\/wp\/v2\/pages\/18","targetHints":{"allow":["GET"]}}],"collection":[{"href":"https:\/\/kakalamuxpsikologia.com\/es\/wp-json\/wp\/v2\/pages"}],"about":[{"href":"https:\/\/kakalamuxpsikologia.com\/es\/wp-json\/wp\/v2\/types\/page"}],"author":[{"embeddable":true,"href":"https:\/\/kakalamuxpsikologia.com\/es\/wp-json\/wp\/v2\/users\/1"}],"replies":[{"embeddable":true,"href":"https:\/\/kakalamuxpsikologia.com\/es\/wp-json\/wp\/v2\/comments?post=18"}],"version-history":[{"count":242,"href":"https:\/\/kakalamuxpsikologia.com\/es\/wp-json\/wp\/v2\/pages\/18\/revisions"}],"predecessor-version":[{"id":769,"href":"https:\/\/kakalamuxpsikologia.com\/es\/wp-json\/wp\/v2\/pages\/18\/revisions\/769"}],"wp:attachment":[{"href":"https:\/\/kakalamuxpsikologia.com\/es\/wp-json\/wp\/v2\/media?parent=18"}],"curies":[{"name":"wp","href":"https:\/\/api.w.org\/{rel}","templated":true}]}}